{"id":981,"date":"2024-10-22T11:40:48","date_gmt":"2024-10-22T11:40:48","guid":{"rendered":"https:\/\/testeroprogramowania.pl\/?page_id=981"},"modified":"2024-10-27T08:12:44","modified_gmt":"2024-10-27T08:12:44","slug":"blog","status":"publish","type":"page","link":"https:\/\/testeroprogramowania.pl\/index.php\/blog\/","title":{"rendered":""},"content":{"rendered":"\n<div class=\"wp-block-media-text alignwide is-stacked-on-mobile\"><figure class=\"wp-block-media-text__media\"><img loading=\"lazy\" decoding=\"async\" width=\"1024\" height=\"367\" src=\"https:\/\/testeroprogramowania.pl\/wp-content\/uploads\/2024\/01\/cropped-Grayscale-Transparent-1024x367.png\" alt=\"\" class=\"wp-image-928 size-full\" srcset=\"https:\/\/testeroprogramowania.pl\/wp-content\/uploads\/2024\/01\/cropped-Grayscale-Transparent-1024x367.png 1024w, https:\/\/testeroprogramowania.pl\/wp-content\/uploads\/2024\/01\/cropped-Grayscale-Transparent-300x108.png 300w, https:\/\/testeroprogramowania.pl\/wp-content\/uploads\/2024\/01\/cropped-Grayscale-Transparent-768x275.png 768w, https:\/\/testeroprogramowania.pl\/wp-content\/uploads\/2024\/01\/cropped-Grayscale-Transparent-1536x551.png 1536w, https:\/\/testeroprogramowania.pl\/wp-content\/uploads\/2024\/01\/cropped-Grayscale-Transparent-2048x735.png 2048w\" sizes=\"auto, (max-width: 1024px) 100vw, 1024px\" \/><\/figure><div class=\"wp-block-media-text__content\">\n<p class=\"has-text-align-center has-large-font-size\"><strong>Baza wiedzy<\/strong><\/p>\n<\/div><\/div>\n\n\n\n<hr class=\"wp-block-separator has-alpha-channel-opacity is-style-wide\"\/>\n\n\n\n<div class=\"wp-block-columns is-layout-flex wp-container-core-columns-is-layout-28f84493 wp-block-columns-is-layout-flex\">\n<div class=\"wp-block-column is-layout-flow wp-block-column-is-layout-flow\">\n<div class=\"wp-block-query alignfull is-layout-flow wp-block-query-is-layout-flow\">\n<div class=\"wp-block-group alignfull\" style=\"padding-top:var(--wp--preset--spacing--40);padding-right:var(--wp--preset--spacing--40);padding-bottom:var(--wp--preset--spacing--40);padding-left:var(--wp--preset--spacing--40)\"><div class=\"wp-block-group__inner-container is-layout-flow wp-block-group-is-layout-flow\"><ul style=\"text-transform:none;\" class=\"wp-block-post-template is-layout-flow wp-block-post-template-is-layout-flow\"><li class=\"wp-block-post post-1023 post type-post status-publish format-standard hentry category-uncategorized\">\n\n<div class=\"wp-block-group is-content-justification-center\"><div class=\"wp-block-group__inner-container is-layout-constrained wp-container-core-group-is-layout-c5f7bfed wp-block-group-is-layout-constrained\">\n<div class=\"wp-block-group is-vertical is-layout-flex wp-container-core-group-is-layout-cedeea28 wp-block-group-is-layout-flex\" style=\"padding-bottom:var(--wp--preset--spacing--80)\"><div style=\"font-size:0.9rem;letter-spacing:1px; margin-top:0;margin-right:0;margin-bottom:0;margin-left:0;\" class=\"has-text-align-left has-link-color wp-elements-5599b62b56904c5408ce764ba1a18b73 wp-block-post-date has-text-color has-contrast-color\"><time datetime=\"2024-11-08T14:11:30+00:00\">11\/8\/2024<\/time><\/div>\n\n\n<div class=\"wp-block-group\" style=\"margin-top:0;margin-bottom:0\"><div class=\"wp-block-group__inner-container is-layout-constrained wp-block-group-is-layout-constrained\"><h2 style=\"font-size:4.6rem;font-style:normal;font-weight:600;line-height:1;\" class=\"has-link-color wp-elements-6c63676d444148112043a3d23d59cf70 wp-block-post-title has-text-color has-contrast-color\"><a href=\"https:\/\/testeroprogramowania.pl\/index.php\/2024\/11\/08\/zglaszanie-bledow-jak-to-robic-efektywnie\/\" target=\"_self\" >Zg\u0142aszanie b\u0142\u0119d\u00f3w \u2013 Jak to robi\u0107 efektywnie?<\/a><\/h2>\n\n<div style=\"line-height:1.7;\" class=\"wp-block-post-excerpt has-small-font-size\"><p class=\"wp-block-post-excerpt__excerpt\">Proces zg\u0142aszania b\u0142\u0119d\u00f3w (ang. bug reporting) jest jednym z najwa\u017cniejszych element\u00f3w w cyklu tworzenia i testowania oprogramowania. Dok\u0142adne i zrozumia\u0142e raporty b\u0142\u0119d\u00f3w pomagaj\u0105 zespo\u0142om programistycznym szybko zidentyfikowa\u0107 i naprawi\u0107 problemy, co w efekcie podnosi jako\u015b\u0107 oprogramowania oraz zmniejsza ryzyko wypuszczenia wadliwej wersji na produkcj\u0119. Jednak zg\u0142oszenie b\u0142\u0119du to nie tylko [&hellip;] <\/p><\/div><\/div><\/div>\n<\/div>\n<\/div><\/div>\n\n<\/li><li class=\"wp-block-post post-1019 post type-post status-publish format-standard hentry category-wiedza\">\n\n<div class=\"wp-block-group is-content-justification-center\"><div class=\"wp-block-group__inner-container is-layout-constrained wp-container-core-group-is-layout-c5f7bfed wp-block-group-is-layout-constrained\">\n<div class=\"wp-block-group is-vertical is-layout-flex wp-container-core-group-is-layout-cedeea28 wp-block-group-is-layout-flex\" style=\"padding-bottom:var(--wp--preset--spacing--80)\"><div style=\"font-size:0.9rem;letter-spacing:1px; margin-top:0;margin-right:0;margin-bottom:0;margin-left:0;\" class=\"has-text-align-left has-link-color wp-elements-5599b62b56904c5408ce764ba1a18b73 wp-block-post-date has-text-color has-contrast-color\"><time datetime=\"2024-10-30T09:48:33+00:00\">10\/30\/2024<\/time><\/div>\n\n\n<div class=\"wp-block-group\" style=\"margin-top:0;margin-bottom:0\"><div class=\"wp-block-group__inner-container is-layout-constrained wp-block-group-is-layout-constrained\"><h2 style=\"font-size:4.6rem;font-style:normal;font-weight:600;line-height:1;\" class=\"has-link-color wp-elements-6c63676d444148112043a3d23d59cf70 wp-block-post-title has-text-color has-contrast-color\"><a href=\"https:\/\/testeroprogramowania.pl\/index.php\/2024\/10\/30\/przypadki-testowe-kluczowy-element-skutecznego-testowania-oprogramowania\/\" target=\"_self\" >Przypadki testowe \u2013 kluczowy element skutecznego testowania oprogramowania<\/a><\/h2>\n\n<div style=\"line-height:1.7;\" class=\"wp-block-post-excerpt has-small-font-size\"><p class=\"wp-block-post-excerpt__excerpt\">W \u015bwiecie testowania oprogramowania jedn\u0105 z podstawowych i najbardziej istotnych czynno\u015bci jest tworzenie przypadk\u00f3w testowych (ang. test cases). To w\u0142a\u015bnie one pozwalaj\u0105 uporz\u0105dkowa\u0107 proces testowania, zapewni\u0107 pe\u0142ne pokrycie funkcjonalno\u015bci i pom\u00f3c w identyfikacji b\u0142\u0119d\u00f3w, zanim oprogramowanie trafi do r\u0105k u\u017cytkownik\u00f3w. W dzisiejszym wpisie wyja\u015bnimy, czym s\u0105 przypadki testowe, jak je [&hellip;] <\/p><\/div><\/div><\/div>\n<\/div>\n<\/div><\/div>\n\n<\/li><li class=\"wp-block-post post-1015 post type-post status-publish format-standard hentry category-wiedza\">\n\n<div class=\"wp-block-group is-content-justification-center\"><div class=\"wp-block-group__inner-container is-layout-constrained wp-container-core-group-is-layout-c5f7bfed wp-block-group-is-layout-constrained\">\n<div class=\"wp-block-group is-vertical is-layout-flex wp-container-core-group-is-layout-cedeea28 wp-block-group-is-layout-flex\" style=\"padding-bottom:var(--wp--preset--spacing--80)\"><div style=\"font-size:0.9rem;letter-spacing:1px; margin-top:0;margin-right:0;margin-bottom:0;margin-left:0;\" class=\"has-text-align-left has-link-color wp-elements-5599b62b56904c5408ce764ba1a18b73 wp-block-post-date has-text-color has-contrast-color\"><time datetime=\"2024-10-30T09:42:02+00:00\">10\/30\/2024<\/time><\/div>\n\n\n<div class=\"wp-block-group\" style=\"margin-top:0;margin-bottom:0\"><div class=\"wp-block-group__inner-container is-layout-constrained wp-block-group-is-layout-constrained\"><h2 style=\"font-size:4.6rem;font-style:normal;font-weight:600;line-height:1;\" class=\"has-link-color wp-elements-6c63676d444148112043a3d23d59cf70 wp-block-post-title has-text-color has-contrast-color\"><a href=\"https:\/\/testeroprogramowania.pl\/index.php\/2024\/10\/30\/wymagania-biznesowe-w-procesie-tworzenia-oprogramowania-klucz-do-sukcesu-projektu\/\" target=\"_self\" >Wymagania biznesowe w procesie tworzenia oprogramowania<\/a><\/h2>\n\n<div style=\"line-height:1.7;\" class=\"wp-block-post-excerpt has-small-font-size\"><p class=\"wp-block-post-excerpt__excerpt\">Ka\u017cdy projekt IT, niezale\u017cnie od swojej skali, zaczyna si\u0119 od okre\u015blenia wymaga\u0144. W\u015br\u00f3d nich jednym z najwa\u017cniejszych element\u00f3w s\u0105 wymagania biznesowe. To w\u0142a\u015bnie one definiuj\u0105, jakie cele ma osi\u0105gn\u0105\u0107 projekt i jakie potrzeby biznesowe ma zaspokoi\u0107 tworzona aplikacja lub system. Ale czym dok\u0142adnie s\u0105 wymagania biznesowe? Dlaczego s\u0105 tak wa\u017cne [&hellip;] <\/p><\/div><\/div><\/div>\n<\/div>\n<\/div><\/div>\n\n<\/li><\/ul><\/div><\/div>\n\n\n\n<div class=\"wp-block-group is-content-justification-left\" style=\"margin-top:0;margin-bottom:0;padding-top:0;padding-right:var(--wp--preset--spacing--40);padding-bottom:var(--wp--preset--spacing--40);padding-left:var(--wp--preset--spacing--40)\"><div class=\"wp-block-group__inner-container is-layout-constrained wp-container-core-group-is-layout-9821ac42 wp-block-group-is-layout-constrained\"><nav class=\"wp-block-query-pagination is-content-justification-left is-nowrap is-layout-flex wp-container-core-query-pagination-is-layout-fc9f69e7 wp-block-query-pagination-is-layout-flex\" aria-label=\"Stronicowanie\">\n\n\n<a href=\"\/index.php\/wp-json\/wp\/v2\/pages\/981?query-31-page=2\" style=\"font-size:0.9rem;text-transform:uppercase;letter-spacing:1px;\" class=\"wp-elements-165a8aa96a7546446f11c5f70728c230 wp-block-query-pagination-next\">Nast\u0119pna strona<\/a>\n<\/nav><\/div><\/div>\n<\/div>\n<\/div>\n<\/div>\n","protected":false},"excerpt":{"rendered":"<p>Baza wiedzy<\/p>\n","protected":false},"author":1,"featured_media":0,"parent":0,"menu_order":0,"comment_status":"closed","ping_status":"closed","template":"","meta":{"footnotes":""},"class_list":["post-981","page","type-page","status-publish","hentry"],"_links":{"self":[{"href":"https:\/\/testeroprogramowania.pl\/index.php\/wp-json\/wp\/v2\/pages\/981","targetHints":{"allow":["GET"]}}],"collection":[{"href":"https:\/\/testeroprogramowania.pl\/index.php\/wp-json\/wp\/v2\/pages"}],"about":[{"href":"https:\/\/testeroprogramowania.pl\/index.php\/wp-json\/wp\/v2\/types\/page"}],"author":[{"embeddable":true,"href":"https:\/\/testeroprogramowania.pl\/index.php\/wp-json\/wp\/v2\/users\/1"}],"replies":[{"embeddable":true,"href":"https:\/\/testeroprogramowania.pl\/index.php\/wp-json\/wp\/v2\/comments?post=981"}],"version-history":[{"count":24,"href":"https:\/\/testeroprogramowania.pl\/index.php\/wp-json\/wp\/v2\/pages\/981\/revisions"}],"predecessor-version":[{"id":1013,"href":"https:\/\/testeroprogramowania.pl\/index.php\/wp-json\/wp\/v2\/pages\/981\/revisions\/1013"}],"wp:attachment":[{"href":"https:\/\/testeroprogramowania.pl\/index.php\/wp-json\/wp\/v2\/media?parent=981"}],"curies":[{"name":"wp","href":"https:\/\/api.w.org\/{rel}","templated":true}]}}