{"id":3,"date":"2019-10-12T23:28:24","date_gmt":"2019-10-12T23:28:24","guid":{"rendered":"http:\/\/testeroprogramowania.pl\/?page_id=3"},"modified":"2019-10-18T20:40:52","modified_gmt":"2019-10-18T20:40:52","slug":"polityka-prywatnosci","status":"publish","type":"page","link":"https:\/\/testeroprogramowania.pl\/index.php\/polityka-prywatnosci\/","title":{"rendered":"Polityka prywatno\u015bci i plik\u00f3w cookies"},"content":{"rendered":"<p align=\"center\">\n<p>Skoro trafi\u0142e\u015b do tej zak\u0142adki, to znaczy, \u017ce wa\u017cne jest dla Ciebie bezpiecze\u0144stwo Twoich danych w Sieci. Wiedz, \u017ce dbam o odpowiednie traktowanie Twoich danych osobowych. Szanuj\u0105c Tw\u00f3j czas, przygotowa\u0142em dla Ciebie skr\u00f3con\u0105 wersj\u0119 najwa\u017cniejszych zasad zwi\u0105zanych z ochron\u0105 prywatno\u015bci. Je\u017celi podstawowe informacje oka\u017c\u0105 si\u0119 dla Ciebie niewystarczaj\u0105ce, poni\u017cej znajdziesz szerszy opis, w kt\u00f3rym wyja\u015bniam jak obchodz\u0119 si\u0119 z powierzonymi mi przez Ciebie danymi osobowymi.<\/p>\n<p><strong><u>Podstawowe informacje<\/u><\/strong><\/p>\n<p>Administratorem danych osobowych na stronie <span style=\"text-decoration: none; display: inline-block;\"><a href=\"http:\/\/testeroprogramowania.pl\/\">http:\/\/testeroprogramowania.pl\/<\/a>&nbsp;<\/span> jestem ja, czyli: Bartosz Dudzi\u0144ski. Mo\u017cesz si\u0119 ze mn\u0105 skontaktowa\u0107 w ka\u017cdej chwili z wykorzystaniem adresu e-mail: &nbsp;testeroprogramowaniakontakt@gmail.com Pami\u0119taj, \u017ce podanie danych osobowych, a tak\u017ce zgoda na ich przetwarzanie s\u0105 ca\u0142kowicie dobrowolne. Wszelkie przekazane mi dane osobowe s\u0105 przetwarzane wy\u0142\u0105cznie w zakresie i w celu, na jaki wyrazi\u0142e\u015b zgod\u0119. W ka\u017cdej chwili masz prawo do aktualizacji lub ca\u0142kowitego usuni\u0119cia swoich danych osobowych. Mo\u017cesz to zrobi\u0107 samodzielnie lub korzystaj\u0105c z mojej pomocy. Dbam o nale\u017cyt\u0105 ochron\u0119 Twoich danych osobowych, gwarantuj\u0105c Ci, \u017ce b\u0119d\u0105 one przetwarzane wy\u0142\u0105cznie w celu, na kt\u00f3ry wyrazi\u0142e\u015b zgod\u0119, przechowywane w bezpieczny spos\u00f3b oraz nieudost\u0119pniane podmiotom trzecim, je\u017celi nie wyrazi\u0142e\u015b na to zgody. Zapisuj\u0105c si\u0119 na newsletter lub dokonuj\u0105c zam\u00f3wienia, przekazujesz mi swoje dane osobowe, a ja gwarantuj\u0119 Ci, \u017ce Twoje dane pozostan\u0105 bezpieczne i nie zostan\u0105 udost\u0119pnione podmiotom trzecim bez Twojej wyra\u017anej zgody. Korzystam z narz\u0119dzi analitycznych, opisanych poni\u017cej, kt\u00f3re zbieraj\u0105 anonimowe informacje na temat Twoich odwiedzin serwisu. Wykorzystuj\u0119 te\u017c narz\u0119dzia takie jak Facebook Pixel i Google AdWords, kt\u00f3re pozwalaj\u0105 wy\u015bwietla\u0107 Ci reklamy. Podobnie jak ma to miejsce niemal na ka\u017cdej stronie internetowej, ja r\u00f3wnie\u017c wykorzystuj\u0119 pliki cookies.<\/p>\n<p><strong><u>Administrator<\/u><\/strong><\/p>\n<p>Administratorem danych osobowych strony internetowej: <a href=\"http:\/\/testeroprogramowania.pl\/\">http:\/\/testeroprogramowania.pl\/<\/a> jestem, <a href=\"#_msocom_2\" language=\"JavaScript\" name=\"_msoanchor_2\">[2]<\/a> czyli podmiotem odpowiedzialnym za zapewnienie bezpiecze\u0144stwa Twoim danym &nbsp; osobowym jest: BMB Bartosz Dudzi\u0144ski, &nbsp;ul.Bagrowa 28A\/31, 30-733 Krak\u00f3w,&nbsp; e-mail: testeroprogramowaniakontakt@gmail.com<\/p>\n<p><strong><u>Twoje uprawnienia<\/u><\/strong><\/p>\n<p>Aktualne przepisy prawa przyznaj\u0105 Ci szereg uprawnie\u0144 zwi\u0105zanych z przetwarzaniem Twoich danych osobowych:<\/p>\n<ul>\n<li>prawo dost\u0119pu do danych osobowych,<\/li>\n<li>prawo do sprostowania danych osobowych,<\/li>\n<li>prawo do usuni\u0119cia danych osobowych,<\/li>\n<li>prawo do ograniczenia przetwarzania danych osobowych,<\/li>\n<li>prawo do wniesienia sprzeciwu co do przetwarzania danych osobowych,<\/li>\n<li>prawo do przenoszenia danych,<\/li>\n<li>prawo do wniesienia skargi do organu nadzorczego (Prezesa Urz\u0119du Ochrony Danych Osobowych),<\/li>\n<li>prawo do odwo\u0142ania zgody na przetwarzanie danych osobowych, je\u017celi wyrazi\u0142e\u015b tak\u0105 zgod\u0119.<\/li>\n<\/ul>\n<p>Pami\u0119taj, \u017ce zawsze mo\u017cesz r\u00f3wnie\u017c zwr\u00f3ci\u0107 si\u0119 do mnie z \u017c\u0105daniem udost\u0119pnienia Ci szerszych informacji, jakimi danymi na Tw\u00f3j temat dysponuj\u0119 oraz w jakich celach je przetwarzam. Wystarczy, \u017ce wy\u015blesz wiadomo\u015b\u0107 na podany powy\u017cej adres e-mail.<\/p>\n<p><strong><u>Cele, w jakich przetwarzam Twoje dane osobowe<\/u><\/strong><a href=\"#_msocom_3\" language=\"JavaScript\" name=\"_msoanchor_3\">\u200b<\/a><\/p>\n<ul>\n<li>Newsletter<\/li>\n<\/ul>\n<p>Zapisuj\u0105c si\u0119 do newslettera, przekazujesz mi sw\u00f3j adres e-mail oraz swoje imi\u0119 za po\u015brednictwem formularza zapisu do newslettera. Podanie danych jest dobrowolne, lecz konieczne, by zapisa\u0107 si\u0119 do newslettera. Dane te wykorzystywane s\u0105 w celu przesy\u0142ania Ci newslettera, a podstaw\u0105 prawn\u0105 do ich przetwarzania jest Twoja zgoda. Dane b\u0119d\u0105 przetwarzane przez czas funkcjonowania newslettera, chyba \u017ce wcze\u015bniej zrezygnujesz z jego otrzymywania, co spowoduje usuni\u0119cie Twoich danych z bazy. W ka\u017cdej chwili mo\u017cesz sprostowa\u0107 swoje dane zapisane w mojej bazie newsletterowej, jak r\u00f3wnie\u017c za\u017c\u0105da\u0107 ich usuni\u0119cia, rezygnuj\u0105c z otrzymywania newslettera.<\/p>\n<ul>\n<li>Zam\u00f3wienia i wystawianie faktur VAT<\/li>\n<\/ul>\n<p>Zamawiaj\u0105c na stronie internetowej jakikolwiek produkt, podajesz mi dane niezb\u0119dne do realizacji zam\u00f3wienia (imi\u0119 i nazwisko, adres rozliczeniowy, adres e-mail, numer telefonu). Podanie danych jest dobrowolne, ale niezb\u0119dne do z\u0142o\u017cenia zam\u00f3wienia. Dane przekazane mi w zwi\u0105zku z zam\u00f3wieniem przetwarzane s\u0105 w celu realizacji zam\u00f3wienia, wystawienia faktury i uwzgl\u0119dnienia jej w dokumentacji ksi\u0119gowej, a tak\u017ce mog\u0105 by\u0107 wykorzystane w celach archiwalnych i statystycznych. Dane o zam\u00f3wieniach b\u0119d\u0105 przetwarzane przez czas niezb\u0119dny do realizacji zam\u00f3wienia, a p\u00f3\u017aniej do czasu up\u0142ywu terminu przedawnienia roszcze\u0144 z tytu\u0142u zawartej umowy. Po up\u0142ywie tego terminu, dane nadal mog\u0105 by\u0107 przeze mnie przetwarzane w celach statystycznych. Mam obowi\u0105zek przechowywa\u0107 faktury przez okres 5 lat od ko\u0144ca roku podatkowego, w kt\u00f3rym nast\u0105pi\u0142o wystawienie faktury VAT. W przypadku danych podanych w celu realizacji zam\u00f3wienia nie mo\u017cesz sprzeciwi\u0107 si\u0119 przetwarzaniu danych oraz domaga\u0107 si\u0119 usuni\u0119cia danych do czasu up\u0142ywu terminu przedawnienia roszcze\u0144 z tytu\u0142u zawartej umowy.<\/p>\n<ul>\n<li>Reklamacje i odst\u0105pienie od umowy<\/li>\n<\/ul>\n<p>Sk\u0142adaj\u0105c reklamacj\u0119 lub odst\u0119puj\u0105c od umowy przekazujesz mi dane osobowe zawarte w tre\u015bci swojego o\u015bwiadczenia (imi\u0119 i nazwisko, adres, numer telefonu, adres e-mail oraz ewentualnie numer rachunku bankowego). Podanie tych danych jest dobrowolne, lecz konieczne, by z\u0142o\u017cy\u0107 reklamacj\u0119 lub odst\u0105pi\u0107 od umowy. Dane przekazane mi w zwi\u0105zku ze z\u0142o\u017ceniem reklamacji lub odst\u0105pieniem od umowy wykorzystywane s\u0105 w celu realizacji procedury reklamacyjnej lub procedury odst\u0105pienia od umowy. Dane b\u0119d\u0105 przetwarzane przez czas niezb\u0119dny do realizacji procedury reklamacyjnej lub procedury odst\u0105pienia. W przypadku danych zawartych w reklamacjach oraz o\u015bwiadczeniach o odst\u0105pieniu od umowy nie masz mo\u017cliwo\u015bci sprzeciwi\u0107 si\u0119 przetwarzaniu swoich danych oraz domaga\u0107 si\u0119 usuni\u0119cia danych do czasu up\u0142ywu terminu przedawnienia roszcze\u0144 z tytu\u0142u zawartej umowy.<\/p>\n<ul>\n<li>Kontakt z wykorzystaniem formularza<\/li>\n<\/ul>\n<p>Kontaktuj\u0105c si\u0119 poprzez formularz kontaktowy, podajesz mi przynajmniej sw\u00f3j adres e-mail. To od Ciebie zale\u017cy, czy w tre\u015bci podasz dodatkowe dane. Podanie danych jest dobrowolne, lecz konieczne, by nawi\u0105za\u0107 ze mn\u0105 kontakt. Twoje dane s\u0105 w tym przypadku przetwarzane w celu kontaktu z Tob\u0105. Podstaw\u0105, do przetwarzania danych jest Twoja zgoda. Masz prawo \u017c\u0105da\u0107 przedstawienia historii prowadzonej korespondencji oraz mo\u017cesz domaga\u0107 si\u0119 jej usuni\u0119cia, chyba \u017ce zachowanie korespondencji uzasadnione jest moim interesem (np. ochrona przed roszczeniami).<\/p>\n<ul>\n<li>Komentarze<\/li>\n<\/ul>\n<p>System komentarzy obs\u0142ugiwany jest przez firm\u0119 Disqus <a href=\"#_msocom_4\" language=\"JavaScript\" name=\"_msoanchor_4\">[4]<\/a> Inc., 301 Howard Street, Suite 300, San Francisco, CA94105, USA. Disqus jest samodzielnym administratorem Twoich danych osobowych, a korzystanie z systemu odbywa si\u0119 na podstawie akceptacji przez Ciebie regulaminu \u015bwiadczenia us\u0142ug przez Disqus. Dane przekazane podczas dodawania komentarza wykorzystywane s\u0105 w celu opublikowania komentarza. Podstaw\u0105 ich przetwarzania jest Twoja zgoda. Dane b\u0119d\u0105 przetwarzane przez czas funkcjonowania komentarzy na blogu, chyba \u017ce wcze\u015bniej poprosisz o usuni\u0119cie komentarza, co spowoduje usuni\u0119cie Twoich danych z bazy. W ka\u017cdej chwili mo\u017cesz sprostowa\u0107 swoje dane przypisane do komentarza, jak r\u00f3wnie\u017c za\u017c\u0105da\u0107 ich usuni\u0119cia i przeniesienia. Uprawnienia te mo\u017cesz realizowa\u0107 bezpo\u015brednio w ramach swojego konta u\u017cytkownika w systemie Disqus.<\/p>\n<ul>\n<li><strong><u>Powierzenie przetwarzania danych osobowych<\/u><\/strong><\/li>\n<\/ul>\n<p>Twoje dane mog\u0105 by\u0107 przetwarzane przez podmioty trzecie, kt\u00f3rym zlecam wykonanie poszczeg\u00f3lnych czynno\u015bci zwi\u0105zanych z zapewnieniem w\u0142a\u015bciwego funkcjonowania strony internetowej. Podmioty, kt\u00f3rym zlecam przetwarzanie danych osobowych, gwarantuj\u0105 stosowanie odpowiednich \u015brodk\u00f3w ochrony i bezpiecze\u0144stwa danych osobowych wymaganych przez przepisy prawa. Podmioty, kt\u00f3rym powierzam przetwarzanie danych, to:<\/p>\n<p>Zenbox Sp. z o.o. siedzib\u0105 w Cz\u0119stochowie, adres: ul. D\u0105browskiego 7 lokal 6, 42-202 Cz\u0119stochowa, NIP: 9492191021&nbsp; \u2013 w celu przechowywania danych osobowych na serwerze,<\/p>\n<p>UAB \u201cMailerLite\u201d, J. Basanavi\u010diaus 15, LT-03108 Vilnius, Lithuania \u2013 w celu korzystania z systemu mailingowego, w kt\u00f3rym przetwarzane s\u0105 Twoje dane, je\u017celi zapiszesz si\u0119 do newslettera,<\/p>\n<p><strong><u>Logi serwera<\/u><\/strong><\/p>\n<p>Korzystaj\u0105c z mojej strony internetowej przesy\u0142asz z wykorzystaniem swojego urz\u0105dzenia zapytania do serwera, na kt\u00f3rym przechowywana jest moja strona. Logi obejmuj\u0105 m.in. adres IP, dat\u0119 i czas serwera, informacje o przegl\u0105darce internetowej i systemie operacyjnym, kt\u00f3re u\u017cywasz. Logi s\u0105 zapisywane i przechowywane na serwerze. Logi serwera stanowi\u0105 wy\u0142\u0105cznie materia\u0142 pomocniczy s\u0142u\u017c\u0105cy do administrowania stron\u0105. Ich zawarto\u015b\u0107 nie jest nikomu ujawniana. Dane zapisane w logach serwera nie s\u0105 kojarzone z konkretnymi osobami korzystaj\u0105cymi ze strony i nie s\u0105 wykorzystywane w celu identyfikacji konkretnych os\u00f3b.<\/p>\n<p><strong><u>Pliki cookies<\/u><\/strong><\/p>\n<p>Pliki cookies (tzw. \u201eciasteczka\u201d) stanowi\u0105 dane informatyczne, kt\u00f3re przechowywane s\u0105 w Twoim urz\u0105dzeniu ko\u0144cowym. Na stronie internetowej stosuj\u0119 dwa zasadnicze rodzaje plik\u00f3w cookies: sesyjne oraz sta\u0142e. Cookies sesyjne s\u0105 plikami tymczasowymi, kt\u00f3re przechowywane s\u0105 w urz\u0105dzeniu ko\u0144cowym u\u017cytkownika do czasu wylogowania, opuszczenia strony internetowej lub wy\u0142\u0105czenia oprogramowania (przegl\u0105darki internetowej). Sta\u0142e pliki cookies przechowywane s\u0105 w Twoim urz\u0105dzeniu ko\u0144cowym przez czas okre\u015blony w parametrach plik\u00f3w cookies lub do czasu ich usuni\u0119cia przez Ciebie.&nbsp;<em>Podczas pierwszej wizyty na mojej stronie internetowej wy\u015bwietlona zosta\u0142a Ci informacja o stosowaniu na niej plik<\/em><em>\u00f3<\/em><em>w cookies<\/em><a href=\"#_msocom_6\" language=\"JavaScript\" name=\"_msoanchor_6\"><\/a><em>. Akceptacja komunikatu oznacza, \u017ce zgadzasz si\u0119 na korzystanie z plik<\/em><em>\u00f3<\/em><em>w cookies.<\/em><em> W ka\u017cdym czasie mo\u017cesz dokona\u0107 zmiany ustawie\u0144 dotycz\u0105cych plik<\/em><em>\u00f3<\/em><em>w cookies.&nbsp;<\/em>Ustawienia dotycz\u0105ce plik\u00f3w cookies mog\u0105 zosta\u0107 zmienione w szczeg\u00f3lno\u015bci w taki spos\u00f3b, aby blokowa\u0107 automatyczn\u0105 obs\u0142ug\u0119 plik\u00f3w cookies w ustawieniach przegl\u0105darki internetowej b\u0105d\u017a informowa\u0107 o ich ka\u017cdorazowym zamieszczeniu w Twoim urz\u0105dzeniu. Szczeg\u00f3\u0142owe informacje o mo\u017cliwo\u015bci i sposobach obs\u0142ugi plik\u00f3w cookies dost\u0119pne s\u0105 w ustawieniach oprogramowania przegl\u0105darki internetowej. Pami\u0119taj, \u017ce wy\u0142\u0105czenie lub ograniczenie obs\u0142ugi plik\u00f3w cookies mo\u017ce powodowa\u0107 trudno\u015bci w korzystaniu z mojej strony.<\/p>\n<p>Wykorzystuj\u0119 cookies w\u0142asne w celu:<\/p>\n<ul>\n<li>zapewnienia prawid\u0142owego dzia\u0142ania strony,<\/li>\n<li>realizacji procesu zam\u00f3wienia,<\/li>\n<li>prawid\u0142owego dzia\u0142ania pop-up\u00f3w i formularzy.<\/li>\n<\/ul>\n<p>Wykorzystuj\u0119 r\u00f3wnie\u017c cookies podmiot\u00f3w zewn\u0119trznych:<\/p>\n<ul>\n<li>Google Analytics (wydawca: Google LLC, 1600 Amphitheatre Parkway, Mountain View, CA 94043, USA) \u2013 w celu tworzenia statystyk i ich analizie dla optymalizacji strony,<\/li>\n<li>Google Adwords (wydawca: Google LLC, 1600 Amphitheatre Parkway, Mountain View, CA 94043, USA) \u2013 w celu promocji mojej strony internetowej,<\/li>\n<li>Facebook Pixel (wydawca: Facebook Inc., 1601 S. California Ave. Palo Alto, CA 94304, USA) \u2013 w celu reklamowania mojej strony internetowej w serwisie Facebook,<\/li>\n<li>Disqus (wydawca: Disqus Inc., 717 Market St. San Francisco, CA 94103) &#8211; w celu obs\u0142ugi komentarzy na blogu.<\/li>\n<\/ul>\n<p><strong><u>Zmiana polityki prywatno\u015bci i plik<\/u><\/strong><strong><u>\u00f3w cookies<\/u><\/strong><\/p>\n<p>Zastrzegam sobie prawo do wprowadzania zmian w polityce prywatno\u015bci. Zmiany b\u0119d\u0105 wprowadzane je\u015bli b\u0119dzie wymaga\u0107 tego obowi\u0105zuj\u0105ce prawo lub ulegn\u0105 zmianie warunki technologiczne funkcjonowania mojej strony internetowej. Aktualny tekst polityki prywatno\u015bci oraz wersje archiwalne zawsze b\u0119d\u0105 znajdowa\u0107 si\u0119 na mojej stronie internetowej.<\/p>\n","protected":false},"excerpt":{"rendered":"<p>Skoro trafi\u0142e\u015b do tej zak\u0142adki, to znaczy, \u017ce wa\u017cne jest dla Ciebie bezpiecze\u0144stwo Twoich danych w Sieci. Wiedz, \u017ce dbam o odpowiednie traktowanie Twoich danych osobowych. Szanuj\u0105c Tw\u00f3j czas, przygotowa\u0142em dla Ciebie skr\u00f3con\u0105 wersj\u0119 najwa\u017cniejszych zasad zwi\u0105zanych z ochron\u0105 prywatno\u015bci. Je\u017celi podstawowe informacje oka\u017c\u0105 si\u0119 dla Ciebie niewystarczaj\u0105ce, poni\u017cej znajdziesz [&hellip;]<\/p>\n","protected":false},"author":1,"featured_media":0,"parent":0,"menu_order":0,"comment_status":"closed","ping_status":"open","template":"","meta":{"footnotes":""},"class_list":["post-3","page","type-page","status-publish","hentry"],"_links":{"self":[{"href":"https:\/\/testeroprogramowania.pl\/index.php\/wp-json\/wp\/v2\/pages\/3","targetHints":{"allow":["GET"]}}],"collection":[{"href":"https:\/\/testeroprogramowania.pl\/index.php\/wp-json\/wp\/v2\/pages"}],"about":[{"href":"https:\/\/testeroprogramowania.pl\/index.php\/wp-json\/wp\/v2\/types\/page"}],"author":[{"embeddable":true,"href":"https:\/\/testeroprogramowania.pl\/index.php\/wp-json\/wp\/v2\/users\/1"}],"replies":[{"embeddable":true,"href":"https:\/\/testeroprogramowania.pl\/index.php\/wp-json\/wp\/v2\/comments?post=3"}],"version-history":[{"count":8,"href":"https:\/\/testeroprogramowania.pl\/index.php\/wp-json\/wp\/v2\/pages\/3\/revisions"}],"predecessor-version":[{"id":224,"href":"https:\/\/testeroprogramowania.pl\/index.php\/wp-json\/wp\/v2\/pages\/3\/revisions\/224"}],"wp:attachment":[{"href":"https:\/\/testeroprogramowania.pl\/index.php\/wp-json\/wp\/v2\/media?parent=3"}],"curies":[{"name":"wp","href":"https:\/\/api.w.org\/{rel}","templated":true}]}}